{"id":44,"date":"2012-08-17T13:10:02","date_gmt":"2012-08-17T11:10:02","guid":{"rendered":"http:\/\/jds.cqtest.se\/?page_id=44"},"modified":"2023-11-21T11:55:43","modified_gmt":"2023-11-21T10:55:43","slug":"kontakt-3","status":"publish","type":"page","link":"https:\/\/www.jdsfastigheter.se\/?page_id=44","title":{"rendered":"Bokning\/kontakt"},"content":{"rendered":"<p>F\u00f6lj l\u00e4nken nedan och fyll i dina uppgifter i anm\u00e4lan. Vi tar emot bokningar l\u00f6pande och reserverar oss mot en eventuell fullbokning. Befintliga hyrestagare har f\u00f6rtur enligt g\u00e4llande avtal.<\/p>\n<p><a href=\"https:\/\/docs.google.com\/forms\/d\/16GlcqDhcYzs-yPI3-uosGFXTvVnUvAHAcYFH40tw3Yo\/edit?usp=sharing\"><strong><span style=\"color: #ff0000;\">Bokning av f\u00f6rvaringsplats 2023-2024 <\/span><\/strong><strong><span style=\"color: #ff0000;\">(period september-oktober)<\/span><\/strong><\/a><\/p>\n<p>Om du har n\u00e5gra fr\u00e5gor eller funderingar runt ditt f\u00f6rvaringsbehov, tveka inte och h\u00f6ra av dig.<\/p>\n<h5><img loading=\"lazy\" class=\"alignnone size-full wp-image-353\" src=\"https:\/\/www.jdsfastigheter.se\/wp-content\/uploads\/2020\/08\/Bosse_1.jpg\" alt=\"\" width=\"198\" height=\"243\" \/><\/h5>\n<h5><strong>Kontaktperson: Bo H\u00f6gkvist, Mobil: 070-680 11 13\u00a0<\/strong><\/h5>\n<h5 style=\"text-align: left;\"><strong>JDS Fastigheter AB, Kl\u00f6vertr\u00e4skv\u00e4gen 6, 975 91 Lule\u00e5\u00a0<\/strong><\/h5>\n<h5><strong>E-post: <a href=\"mailto:jdsfastigheter@gmail.com\">jdsfastigheter@gmail.com<\/a><\/strong><\/h5>\n","protected":false},"excerpt":{"rendered":"<p>F\u00f6lj l\u00e4nken nedan och fyll i dina uppgifter i anm\u00e4lan. Vi tar emot bokningar l\u00f6pande och reserverar oss mot en eventuell fullbokning. Befintliga hyrestagare har f\u00f6rtur enligt g\u00e4llande avtal. Bokning av f\u00f6rvaringsplats 2023-2024 (period september-oktober) Om du har n\u00e5gra fr\u00e5gor &hellip; <a href=\"https:\/\/www.jdsfastigheter.se\/?page_id=44\">Continued<\/a><\/p>\n","protected":false},"author":1,"featured_media":0,"parent":0,"menu_order":0,"comment_status":"closed","ping_status":"closed","template":"","meta":{"kt_blocks_editor_width":""},"_links":{"self":[{"href":"https:\/\/www.jdsfastigheter.se\/index.php?rest_route=\/wp\/v2\/pages\/44"}],"collection":[{"href":"https:\/\/www.jdsfastigheter.se\/index.php?rest_route=\/wp\/v2\/pages"}],"about":[{"href":"https:\/\/www.jdsfastigheter.se\/index.php?rest_route=\/wp\/v2\/types\/page"}],"author":[{"embeddable":true,"href":"https:\/\/www.jdsfastigheter.se\/index.php?rest_route=\/wp\/v2\/users\/1"}],"replies":[{"embeddable":true,"href":"https:\/\/www.jdsfastigheter.se\/index.php?rest_route=%2Fwp%2Fv2%2Fcomments&post=44"}],"version-history":[{"count":75,"href":"https:\/\/www.jdsfastigheter.se\/index.php?rest_route=\/wp\/v2\/pages\/44\/revisions"}],"predecessor-version":[{"id":403,"href":"https:\/\/www.jdsfastigheter.se\/index.php?rest_route=\/wp\/v2\/pages\/44\/revisions\/403"}],"wp:attachment":[{"href":"https:\/\/www.jdsfastigheter.se\/index.php?rest_route=%2Fwp%2Fv2%2Fmedia&parent=44"}],"curies":[{"name":"wp","href":"https:\/\/api.w.org\/{rel}","templated":true}]}}